

{"id":237410,"date":"2024-09-10T12:26:24","date_gmt":"2024-09-10T10:26:24","guid":{"rendered":"https:\/\/drlm.io\/servicios-profesionales\/"},"modified":"2025-01-28T11:56:28","modified_gmt":"2025-01-28T10:56:28","slug":"servicios-profesionales","status":"publish","type":"page","link":"https:\/\/drlm.io\/es\/servicios-profesionales\/","title":{"rendered":"Servicios Profesionales"},"content":{"rendered":"<p>[et_pb_section fb_built=\u00bb1&#8243; _builder_version=\u00bb4.25.2&#8243; _module_preset=\u00bbdefault\u00bb background_color=\u00bb#9d000d\u00bb background_image=\u00bbhttps:\/\/drlm.io\/wp-content\/uploads\/2024\/06\/imagotype-background-e1719496499304.png\u00bb parallax=\u00bbon\u00bb parallax_method=\u00bboff\u00bb background_blend=\u00bbhard-light\u00bb custom_padding=\u00bb17px||0px|||\u00bb global_module=\u00bb58&#8243; saved_tabs=\u00bball\u00bb global_colors_info=\u00bb{}\u00bb][et_pb_row _builder_version=\u00bb4.25.2&#8243; _module_preset=\u00bbdefault\u00bb global_colors_info=\u00bb{}\u00bb][et_pb_column type=\u00bb4_4&#8243; _builder_version=\u00bb4.25.2&#8243; _module_preset=\u00bbdefault\u00bb global_colors_info=\u00bb{}\u00bb][et_pb_post_title meta=\u00bboff\u00bb featured_image=\u00bboff\u00bb _builder_version=\u00bb4.27.0&#8243; _module_preset=\u00bbdefault\u00bb title_font=\u00bb|700|||||||\u00bb title_text_color=\u00bb#FFFFFF\u00bb title_font_size=\u00bb54px\u00bb custom_margin=\u00bb||-1px|||\u00bb title_font_size_tablet=\u00bb50px\u00bb title_font_size_phone=\u00bb40px\u00bb title_font_size_last_edited=\u00bbon|phone\u00bb global_colors_info=\u00bb{}\u00bb][\/et_pb_post_title][\/et_pb_column][\/et_pb_row][\/et_pb_section][et_pb_section fb_built=\u00bb1&#8243; _builder_version=\u00bb4.27.2&#8243; _module_preset=\u00bbdefault\u00bb background_color=\u00bbRGBA(67,64,65,0.1)\u00bb custom_padding=\u00bb40px||40px|||\u00bb global_colors_info=\u00bb{}\u00bb][et_pb_row _builder_version=\u00bb4.27.2&#8243; _module_preset=\u00bbdefault\u00bb custom_padding=\u00bb0px||0px|||\u00bb global_colors_info=\u00bb{}\u00bb][et_pb_column type=\u00bb4_4&#8243; _builder_version=\u00bb4.25.2&#8243; _module_preset=\u00bbdefault\u00bb global_colors_info=\u00bb{}\u00bb][et_pb_text _builder_version=\u00bb4.27.4&#8243; _module_preset=\u00bbdefault\u00bb header_2_font=\u00bb|700|||||||\u00bb header_2_text_align=\u00bbcenter\u00bb header_2_font_size=\u00bb34px\u00bb header_3_text_color=\u00bb#434041&#8243; header_3_font_size=\u00bb20px\u00bb custom_margin=\u00bb||-8px|||\u00bb custom_padding=\u00bb||0px|||\u00bb global_colors_info=\u00bb{}\u00bb]<\/p>\n<h3 style=\"text-align: center;\">M\u00e1s de 10 a\u00f1os de experiencia en recuperaci\u00f3n ante desastres y continuidad del negocio y m\u00e1s de 20 a\u00f1os en GNU\/Linux en cargas de trabajo de nivel empresarial y de misi\u00f3n cr\u00edtica.<\/h3>\n<p>[\/et_pb_text][\/et_pb_column][\/et_pb_row][\/et_pb_section][et_pb_section fb_built=\u00bb1&#8243; _builder_version=\u00bb4.25.2&#8243; _module_preset=\u00bbdefault\u00bb global_colors_info=\u00bb{}\u00bb][et_pb_row _builder_version=\u00bb4.27.0&#8243; _module_preset=\u00bbdefault\u00bb custom_padding=\u00bb6px||0px|||\u00bb global_colors_info=\u00bb{}\u00bb][et_pb_column type=\u00bb4_4&#8243; _builder_version=\u00bb4.25.2&#8243; _module_preset=\u00bbdefault\u00bb global_colors_info=\u00bb{}\u00bb][et_pb_text _builder_version=\u00bb4.27.4&#8243; _module_preset=\u00bbdefault\u00bb header_2_text_color=\u00bb#434041&#8243; global_colors_info=\u00bb{}\u00bb]<\/p>\n<h4 style=\"text-align: center;\">Acelere la obtenci\u00f3n de valor y reduzca la complejidad de las operaciones diarias de TI. Deje que le ayudemos.<\/h4>\n<p>[\/et_pb_text][\/et_pb_column][\/et_pb_row][\/et_pb_section][et_pb_section fb_built=\u00bb1&#8243; module_id=\u00bbpro-svc-install\u00bb _builder_version=\u00bb4.27.4&#8243; _module_preset=\u00bbdefault\u00bb background_color=\u00bb#FFFFFF\u00bb hover_enabled=\u00bb0&#8243; global_colors_info=\u00bb{}\u00bb sticky_enabled=\u00bb0&#8243;][et_pb_row column_structure=\u00bb3_5,2_5&#8243; _builder_version=\u00bb4.27.0&#8243; _module_preset=\u00bbdefault\u00bb global_colors_info=\u00bb{}\u00bb][et_pb_column type=\u00bb3_5&#8243; _builder_version=\u00bb4.25.2&#8243; _module_preset=\u00bbdefault\u00bb global_colors_info=\u00bb{}\u00bb][et_pb_text _builder_version=\u00bb4.27.4&#8243; _module_preset=\u00bbdefault\u00bb global_colors_info=\u00bb{}\u00bb]<\/p>\n<h2>Servicios de instalaci\u00f3n<\/h2>\n<p>&nbsp;<\/p>\n<p>Una forma eficaz de tener operativo su servicio de copia de seguridad y recuperaci\u00f3n ante desastres.<\/p>\n<p>Podemos ayudarle a desplegar y realizar la configuraci\u00f3n inicial de DRLM para que pueda empezar a realizar copias de seguridad de sus cargas de trabajo en poco tiempo y saltarse la curva de aprendizaje inicial. Tenemos algunos paquetes de instalaci\u00f3n predefinidos para los casos m\u00e1s comunes, pero no dude en ponerse en contacto con nosotros si hay alguna necesidad especial.<\/p>\n<p>[\/et_pb_text][\/et_pb_column][et_pb_column type=\u00bb2_5&#8243; _builder_version=\u00bb4.27.0&#8243; _module_preset=\u00bbdefault\u00bb global_colors_info=\u00bb{}\u00bb][et_pb_image src=\u00bbhttps:\/\/drlm.io\/wp-content\/uploads\/2024\/12\/napkin-selection4.png\u00bb title_text=\u00bbinstallOK\u00bb _builder_version=\u00bb4.27.4&#8243; _module_preset=\u00bbdefault\u00bb max_width=\u00bb90%\u00bb global_colors_info=\u00bb{}\u00bb][\/et_pb_image][\/et_pb_column][\/et_pb_row][\/et_pb_section][et_pb_section fb_built=\u00bb1&#8243; module_id=\u00bbpro-svc-develop\u00bb _builder_version=\u00bb4.27.4&#8243; _module_preset=\u00bbdefault\u00bb background_color=\u00bbRGBA(67,64,65,0.1)\u00bb hover_enabled=\u00bb0&#8243; global_colors_info=\u00bb{}\u00bb sticky_enabled=\u00bb0&#8243;][et_pb_row column_structure=\u00bb2_5,3_5&#8243; _builder_version=\u00bb4.27.0&#8243; _module_preset=\u00bbdefault\u00bb global_colors_info=\u00bb{}\u00bb][et_pb_column type=\u00bb2_5&#8243; _builder_version=\u00bb4.25.2&#8243; _module_preset=\u00bbdefault\u00bb global_colors_info=\u00bb{}\u00bb][et_pb_image src=\u00bbhttps:\/\/drlm.io\/wp-content\/uploads\/2024\/12\/napkin-selection1.png\u00bb title_text=\u00bbtailor-development\u00bb _builder_version=\u00bb4.27.4&#8243; _module_preset=\u00bbdefault\u00bb max_width=\u00bb90%\u00bb global_colors_info=\u00bb{}\u00bb][\/et_pb_image][\/et_pb_column][et_pb_column type=\u00bb3_5&#8243; _builder_version=\u00bb4.25.2&#8243; _module_preset=\u00bbdefault\u00bb global_colors_info=\u00bb{}\u00bb][et_pb_text _builder_version=\u00bb4.27.4&#8243; _module_preset=\u00bbdefault\u00bb global_colors_info=\u00bb{}\u00bb]<\/p>\n<h2>Desarrollo a medida<\/h2>\n<p>&nbsp;<\/p>\n<p>\u00bfTiene alg\u00fan requisito personalizado que le convenga m\u00e1s? D\u00edgalo, \u00a1nosotros lo hacemos!<\/p>\n<ul>\n<li>Integraci\u00f3n con herramientas de monitorizaci\u00f3n.<\/li>\n<li>Integraci\u00f3n con su proveedor de nube.<\/li>\n<li>Una nueva funci\u00f3n.<\/li>\n<li>\u00bfAlgo m\u00e1s?<\/li>\n<\/ul>\n<p>Ofrecemos este servicio para DRLM y ReaR, as\u00ed que estar\u00e1 cubierto.<\/p>\n<p>[\/et_pb_text][\/et_pb_column][\/et_pb_row][\/et_pb_section][et_pb_section fb_built=\u00bb1&#8243; module_id=\u00bbpro-svc-consult\u00bb _builder_version=\u00bb4.27.4&#8243; _module_preset=\u00bbdefault\u00bb background_color=\u00bb#FFFFFF\u00bb hover_enabled=\u00bb0&#8243; global_colors_info=\u00bb{}\u00bb sticky_enabled=\u00bb0&#8243;][et_pb_row column_structure=\u00bb3_5,2_5&#8243; _builder_version=\u00bb4.27.0&#8243; _module_preset=\u00bbdefault\u00bb global_colors_info=\u00bb{}\u00bb][et_pb_column type=\u00bb3_5&#8243; _builder_version=\u00bb4.25.2&#8243; _module_preset=\u00bbdefault\u00bb global_colors_info=\u00bb{}\u00bb][et_pb_text _builder_version=\u00bb4.27.4&#8243; _module_preset=\u00bbdefault\u00bb global_colors_info=\u00bb{}\u00bb]<\/p>\n<h2>Servicios de consultor\u00eda<\/h2>\n<p>&nbsp;<\/p>\n<p>Todas las organizaciones son diferentes, tienen necesidades y\/o requisitos espec\u00edficos, y dependiendo de su infraestructura puede resultar un poco abrumador implementar una estrategia de Backup &amp; Disaster Recovery que se integre a la perfecci\u00f3n con sus cargas de trabajo.<\/p>\n<p>Vaya m\u00e1s all\u00e1 de los l\u00edmites y d\u00e9jenos ayudarle a hacerlo, aproveche nuestra amplia experiencia y reduzca los costes operativos.<\/p>\n<p>[\/et_pb_text][\/et_pb_column][et_pb_column type=\u00bb2_5&#8243; _builder_version=\u00bb4.25.2&#8243; _module_preset=\u00bbdefault\u00bb global_colors_info=\u00bb{}\u00bb][et_pb_image src=\u00bbhttps:\/\/drlm.io\/wp-content\/uploads\/2024\/12\/napkin-selection2.png\u00bb title_text=\u00bbconsultancy_services\u00bb _builder_version=\u00bb4.27.4&#8243; _module_preset=\u00bbdefault\u00bb global_colors_info=\u00bb{}\u00bb][\/et_pb_image][\/et_pb_column][\/et_pb_row][\/et_pb_section][et_pb_section fb_built=\u00bb1&#8243; _builder_version=\u00bb4.27.0&#8243; _module_preset=\u00bbdefault\u00bb background_color=\u00bb#FFFFFF\u00bb custom_padding=\u00bb1px||0px|||\u00bb global_colors_info=\u00bb{}\u00bb][et_pb_row column_structure=\u00bb2_5,3_5&#8243; _builder_version=\u00bb4.27.0&#8243; _module_preset=\u00bbdefault\u00bb global_colors_info=\u00bb{}\u00bb][et_pb_column type=\u00bb2_5&#8243; _builder_version=\u00bb4.25.2&#8243; _module_preset=\u00bbdefault\u00bb global_colors_info=\u00bb{}\u00bb][et_pb_button button_text=\u00bbContacta con nosotros\u00bb _builder_version=\u00bb4.27.0&#8243; _module_preset=\u00bbdefault\u00bb custom_button=\u00bbon\u00bb button_use_icon=\u00bboff\u00bb global_colors_info=\u00bb{}\u00bb][\/et_pb_button][\/et_pb_column][et_pb_column type=\u00bb3_5&#8243; _builder_version=\u00bb4.25.2&#8243; _module_preset=\u00bbdefault\u00bb global_colors_info=\u00bb{}\u00bb][\/et_pb_column][\/et_pb_row][\/et_pb_section]<\/p>\n","protected":false},"excerpt":{"rendered":"<p>M\u00e1s de 10 a\u00f1os de experiencia en recuperaci\u00f3n ante desastres y continuidad del negocio y m\u00e1s de 20 a\u00f1os en GNU\/Linux en cargas de trabajo de nivel empresarial y de misi\u00f3n cr\u00edtica.Acelere la obtenci\u00f3n de valor y reduzca la complejidad de las operaciones diarias de TI. Deje que le ayudemos.Servicios de instalaci\u00f3n &nbsp; Una forma [&hellip;]<\/p>\n","protected":false},"author":1,"featured_media":0,"parent":0,"menu_order":0,"comment_status":"closed","ping_status":"closed","template":"","meta":{"_et_pb_use_builder":"on","_et_pb_old_content":"","_et_gb_content_width":"","footnotes":""},"class_list":["post-237410","page","type-page","status-publish","hentry"],"aioseo_notices":[],"_links":{"self":[{"href":"https:\/\/drlm.io\/es\/wp-json\/wp\/v2\/pages\/237410","targetHints":{"allow":["GET"]}}],"collection":[{"href":"https:\/\/drlm.io\/es\/wp-json\/wp\/v2\/pages"}],"about":[{"href":"https:\/\/drlm.io\/es\/wp-json\/wp\/v2\/types\/page"}],"author":[{"embeddable":true,"href":"https:\/\/drlm.io\/es\/wp-json\/wp\/v2\/users\/1"}],"replies":[{"embeddable":true,"href":"https:\/\/drlm.io\/es\/wp-json\/wp\/v2\/comments?post=237410"}],"version-history":[{"count":4,"href":"https:\/\/drlm.io\/es\/wp-json\/wp\/v2\/pages\/237410\/revisions"}],"predecessor-version":[{"id":238035,"href":"https:\/\/drlm.io\/es\/wp-json\/wp\/v2\/pages\/237410\/revisions\/238035"}],"wp:attachment":[{"href":"https:\/\/drlm.io\/es\/wp-json\/wp\/v2\/media?parent=237410"}],"curies":[{"name":"wp","href":"https:\/\/api.w.org\/{rel}","templated":true}]}}