

{"id":237416,"date":"2024-07-02T13:29:02","date_gmt":"2024-07-02T11:29:02","guid":{"rendered":"https:\/\/drlm.io\/casos-de-uso-y-escenarios\/"},"modified":"2025-01-14T13:32:24","modified_gmt":"2025-01-14T11:32:24","slug":"casos-de-uso-y-escenarios","status":"publish","type":"page","link":"https:\/\/drlm.io\/es\/casos-de-uso-y-escenarios\/","title":{"rendered":"Casos de uso y escenarios"},"content":{"rendered":"<p>[et_pb_section fb_built=\u00bb1&#8243; _builder_version=\u00bb4.25.2&#8243; _module_preset=\u00bbdefault\u00bb background_color=\u00bb#9d000d\u00bb background_image=\u00bbhttps:\/\/drlm.io\/wp-content\/uploads\/2024\/06\/imagotype-background-e1719496499304.png\u00bb parallax=\u00bbon\u00bb parallax_method=\u00bboff\u00bb background_blend=\u00bbhard-light\u00bb custom_padding=\u00bb17px||0px|||\u00bb global_module=\u00bb58&#8243; saved_tabs=\u00bball\u00bb global_colors_info=\u00bb{}\u00bb][et_pb_row _builder_version=\u00bb4.25.2&#8243; _module_preset=\u00bbdefault\u00bb global_colors_info=\u00bb{}\u00bb][et_pb_column type=\u00bb4_4&#8243; _builder_version=\u00bb4.25.2&#8243; _module_preset=\u00bbdefault\u00bb global_colors_info=\u00bb{}\u00bb]<\/p>\n<p>[et_pb_post_title meta=\u00bboff\u00bb featured_image=\u00bboff\u00bb _builder_version=\u00bb4.27.0&#8243; _module_preset=\u00bbdefault\u00bb title_font=\u00bb|700|||||||\u00bb title_text_color=\u00bb#FFFFFF\u00bb title_font_size=\u00bb54px\u00bb custom_margin=\u00bb||-1px|||\u00bb title_font_size_tablet=\u00bb50px\u00bb title_font_size_phone=\u00bb40px\u00bb title_font_size_last_edited=\u00bbon|phone\u00bb global_colors_info=\u00bb{}\u00bb][\/et_pb_post_title]<\/p>\n<p>[\/et_pb_column][\/et_pb_row][\/et_pb_section][et_pb_section fb_built=\u00bb1&#8243; _builder_version=\u00bb4.27.2&#8243; _module_preset=\u00bbdefault\u00bb background_color=\u00bbRGBA(67,64,65,0.1)\u00bb custom_padding=\u00bb40px||40px|||\u00bb global_colors_info=\u00bb{}\u00bb][et_pb_row _builder_version=\u00bb4.27.2&#8243; _module_preset=\u00bbdefault\u00bb custom_padding=\u00bb0px||0px|||\u00bb global_colors_info=\u00bb{}\u00bb][et_pb_column type=\u00bb4_4&#8243; _builder_version=\u00bb4.25.2&#8243; _module_preset=\u00bbdefault\u00bb global_colors_info=\u00bb{}\u00bb][et_pb_text _builder_version=\u00bb4.27.4&#8243; _module_preset=\u00bbdefault\u00bb header_2_font=\u00bb|700|||||||\u00bb header_2_text_align=\u00bbcenter\u00bb header_2_font_size=\u00bb34px\u00bb header_3_text_color=\u00bb#434041&#8243; header_3_font_size=\u00bb20px\u00bb custom_margin=\u00bb||-8px|||\u00bb custom_padding=\u00bb||0px|||\u00bb global_colors_info=\u00bb{}\u00bb]<\/p>\n<h3 style=\"text-align: center;\">Descubra c\u00f3mo DRLM puede transformar su estrategia de copia de seguridad y recuperaci\u00f3n ante desastres con aplicaciones pr\u00e1cticas y reales adaptadas a sus necesidades.<\/h3>\n<p>[\/et_pb_text][\/et_pb_column][\/et_pb_row][\/et_pb_section][et_pb_section fb_built=\u00bb1&#8243; _builder_version=\u00bb4.26.1&#8243; _module_preset=\u00bbdefault\u00bb global_colors_info=\u00bb{}\u00bb][et_pb_row _builder_version=\u00bb4.27.0&#8243; _module_preset=\u00bbdefault\u00bb global_colors_info=\u00bb{}\u00bb][et_pb_column type=\u00bb4_4&#8243; _builder_version=\u00bb4.26.1&#8243; _module_preset=\u00bbdefault\u00bb global_colors_info=\u00bb{}\u00bb][et_pb_text _builder_version=\u00bb4.27.4&#8243; _module_preset=\u00bbdefault\u00bb text_font=\u00bb||||||||\u00bb text_font_size=\u00bb28px\u00bb text_line_height=\u00bb1.5em\u00bb custom_padding=\u00bb||0px|||\u00bb global_colors_info=\u00bb{}\u00bb]<\/p>\n<h2>Potencie sus sistemas, proteja sus datos<\/h2>\n<p>Tanto si gestiona entornos peque\u00f1os como infraestructuras complejas, DRLM est\u00e1 dise\u00f1ado para hacer frente a diversos retos. Desde garantizar una recuperaci\u00f3n perfecta en caso de desastre hasta agilizar los procesos de desarrollo, DRLM se adapta a sus necesidades y ofrece soluciones fiables y escalables.<\/p>\n<p>&nbsp;<\/p>\n<h4>\u00bfPor qu\u00e9 elegir DRLM para su caso pr\u00e1ctico?<\/h4>\n<blockquote>\n<p><strong>Flexibilidad:<\/strong> adapte DRLM a sus necesidades espec\u00edficas, tanto si se trata de un \u00fanico servidor como de una infraestructura global.<\/p>\n<p><strong>Automatizaci\u00f3n:<\/strong> Elimine los procesos manuales con copias de seguridad y recuperaciones totalmente automatizadas.<\/p>\n<p><strong>Escalabilidad:<\/strong> Empiece con poco y crezca a medida que evolucionan sus necesidades. DRLM se adapta a su negocio.<\/p>\n<p><strong>Soporte experto:<\/strong> desde la configuraci\u00f3n hasta la optimizaci\u00f3n, nuestro equipo de soporte est\u00e1 aqu\u00ed para ayudarle en cada paso del camino.<\/p>\n<\/blockquote>\n<p>[\/et_pb_text][\/et_pb_column][\/et_pb_row][\/et_pb_section][et_pb_section fb_built=\u00bb1&#8243; module_id=\u00bbsystem-migrations\u00bb module_class=\u00bbcapcalera-intermitja\u00bb _builder_version=\u00bb4.27.3&#8243; _module_preset=\u00bbdefault\u00bb background_color=\u00bb#D72629&#8243; custom_padding=\u00bb0px||0px|||\u00bb global_colors_info=\u00bb{}\u00bb][et_pb_row _builder_version=\u00bb4.26.0&#8243; _module_preset=\u00bbdefault\u00bb global_colors_info=\u00bb{}\u00bb][et_pb_column type=\u00bb4_4&#8243; _builder_version=\u00bb4.26.0&#8243; _module_preset=\u00bbdefault\u00bb global_colors_info=\u00bb{}\u00bb][et_pb_text _builder_version=\u00bb4.27.4&#8243; _module_preset=\u00bbdefault\u00bb text_text_color=\u00bbRGBA(255,255,255,0)\u00bb header_text_color=\u00bb#FFFFFF\u00bb header_2_text_color=\u00bb#FFFFFF\u00bb header_2_font_size=\u00bb56px\u00bb custom_padding=\u00bb11px||0px|||\u00bb header_2_font_size_tablet=\u00bb46px\u00bb header_2_font_size_phone=\u00bb36px\u00bb header_2_font_size_last_edited=\u00bbon|phone\u00bb global_colors_info=\u00bb{}\u00bb]<\/p>\n<h2 style=\"text-align: center;\">Casos de uso<\/h2>\n<p>[\/et_pb_text][\/et_pb_column][\/et_pb_row][\/et_pb_section][et_pb_section fb_built=\u00bb1&#8243; _builder_version=\u00bb4.27.2&#8243; _module_preset=\u00bbdefault\u00bb background_color=\u00bbRGBA(67,64,65,0.1)\u00bb custom_padding=\u00bb40px||40px|||\u00bb global_colors_info=\u00bb{}\u00bb][et_pb_row _builder_version=\u00bb4.27.2&#8243; _module_preset=\u00bbdefault\u00bb custom_padding=\u00bb0px||0px|||\u00bb global_colors_info=\u00bb{}\u00bb][et_pb_column type=\u00bb4_4&#8243; _builder_version=\u00bb4.25.2&#8243; _module_preset=\u00bbdefault\u00bb global_colors_info=\u00bb{}\u00bb][et_pb_text _builder_version=\u00bb4.27.4&#8243; _module_preset=\u00bbdefault\u00bb header_2_font=\u00bb|700|||||||\u00bb header_2_text_align=\u00bbcenter\u00bb header_2_font_size=\u00bb34px\u00bb header_3_text_color=\u00bb#434041&#8243; header_3_font_size=\u00bb20px\u00bb custom_margin=\u00bb||-8px|||\u00bb custom_padding=\u00bb||0px|||\u00bb global_colors_info=\u00bb{}\u00bb]<\/p>\n<h3 style=\"text-align: center;\">Tanto si est\u00e1 protegiendo sistemas cr\u00edticos, probando nuevas configuraciones o planificando la recuperaci\u00f3n ante desastres, DRLM cuenta con las herramientas y la flexibilidad necesarias para ofrecerle tranquilidad.<\/h3>\n<p>[\/et_pb_text][\/et_pb_column][\/et_pb_row][\/et_pb_section][et_pb_section fb_built=\u00bb1&#8243; _builder_version=\u00bb4.26.1&#8243; _module_preset=\u00bbdefault\u00bb global_colors_info=\u00bb{}\u00bb][et_pb_row column_structure=\u00bb3_5,2_5&#8243; _builder_version=\u00bb4.27.0&#8243; _module_preset=\u00bbdefault\u00bb global_colors_info=\u00bb{}\u00bb][et_pb_column type=\u00bb3_5&#8243; _builder_version=\u00bb4.26.1&#8243; _module_preset=\u00bbdefault\u00bb global_colors_info=\u00bb{}\u00bb][et_pb_text _builder_version=\u00bb4.27.4&#8243; _module_preset=\u00bbdefault\u00bb text_font=\u00bb||||||||\u00bb text_font_size=\u00bb28px\u00bb text_line_height=\u00bb1.5em\u00bb custom_padding=\u00bb||0px|||\u00bb global_colors_info=\u00bb{}\u00bb]<\/p>\n<h2>1. Continuidad de negocio para los sistemas cr\u00edticos<\/h2>\n<p>&nbsp;<\/p>\n<p><strong>Escenario:<\/strong> Una instituci\u00f3n financiera necesita asegurar la disponibilidad 24\/7 de sus sistemas GNU\/Linux mientras minimiza el riesgo de p\u00e9rdida de datos.<\/p>\n<p><strong>Soluci\u00f3n:<\/strong><\/p>\n<ul>\n<li>Las copias de seguridad automatizadas con DRLM garantizan la seguridad de todos los datos a intervalos regulares.<\/li>\n<li>La r\u00e1pida recuperaci\u00f3n del sistema reduce el tiempo de inactividad a minutos, incluso durante interrupciones cr\u00edticas.<\/li>\n<li>La replicaci\u00f3n externa garantiza la recuperaci\u00f3n en caso de cat\u00e1strofes regionales.<\/li>\n<\/ul>\n<p><strong>Resultado:<\/strong> operaciones continuas sin interrupci\u00f3n de los servicios al cliente.<\/p>\n<p>[\/et_pb_text][\/et_pb_column][et_pb_column type=\u00bb2_5&#8243; _builder_version=\u00bb4.26.1&#8243; _module_preset=\u00bbdefault\u00bb global_colors_info=\u00bb{}\u00bb][et_pb_image src=\u00bbhttps:\/\/drlm.io\/wp-content\/uploads\/2024\/12\/napkin-selection5.png\u00bb title_text=\u00bbuse_case_BC\u00bb _builder_version=\u00bb4.27.4&#8243; _module_preset=\u00bbdefault\u00bb global_colors_info=\u00bb{}\u00bb][\/et_pb_image][\/et_pb_column][\/et_pb_row][\/et_pb_section][et_pb_section fb_built=\u00bb1&#8243; _builder_version=\u00bb4.27.4&#8243; _module_preset=\u00bbdefault\u00bb background_color=\u00bbRGBA(67,64,65,0.1)\u00bb global_colors_info=\u00bb{}\u00bb][et_pb_row column_structure=\u00bb2_5,3_5&#8243; _builder_version=\u00bb4.27.0&#8243; _module_preset=\u00bbdefault\u00bb global_colors_info=\u00bb{}\u00bb][et_pb_column type=\u00bb2_5&#8243; _builder_version=\u00bb4.26.1&#8243; _module_preset=\u00bbdefault\u00bb global_colors_info=\u00bb{}\u00bb][et_pb_image src=\u00bbhttps:\/\/drlm.io\/wp-content\/uploads\/2024\/12\/napkin-selection6.png\u00bb title_text=\u00bbuse_case_test\u00bb _builder_version=\u00bb4.27.4&#8243; _module_preset=\u00bbdefault\u00bb global_colors_info=\u00bb{}\u00bb][\/et_pb_image][\/et_pb_column][et_pb_column type=\u00bb3_5&#8243; _builder_version=\u00bb4.26.1&#8243; _module_preset=\u00bbdefault\u00bb global_colors_info=\u00bb{}\u00bb][et_pb_text _builder_version=\u00bb4.27.4&#8243; _module_preset=\u00bbdefault\u00bb text_font=\u00bb||||||||\u00bb text_font_size=\u00bb28px\u00bb text_line_height=\u00bb1.5em\u00bb custom_padding=\u00bb||0px|||\u00bb global_colors_info=\u00bb{}\u00bb]<\/p>\n<h2>2. Entornos de pruebas y desarrollo sin fisuras<\/h2>\n<p>&nbsp;<\/p>\n<p><strong>Escenario:<\/strong> Un equipo de TI necesita probar actualizaciones y nuevas aplicaciones sin poner en riesgo su entorno de producci\u00f3n.<\/p>\n<p><strong>Soluci\u00f3n:<\/strong><\/p>\n<ul>\n<li>DRLM permite el despliegue de instant\u00e1neas puntuales para pruebas en entornos aislados.<\/li>\n<li>Los desarrolladores pueden experimentar de forma segura con las configuraciones y revertirlas al instante si es necesario.<\/li>\n<li>Garantiza la validaci\u00f3n de todos los cambios antes de pasarlos a producci\u00f3n.<\/li>\n<\/ul>\n<p><strong>Resultado:<\/strong> menor riesgo de errores y ciclos de implantaci\u00f3n m\u00e1s r\u00e1pidos.<\/p>\n<p>[\/et_pb_text][\/et_pb_column][\/et_pb_row][\/et_pb_section][et_pb_section fb_built=\u00bb1&#8243; _builder_version=\u00bb4.26.1&#8243; _module_preset=\u00bbdefault\u00bb global_colors_info=\u00bb{}\u00bb][et_pb_row column_structure=\u00bb3_5,2_5&#8243; _builder_version=\u00bb4.27.0&#8243; _module_preset=\u00bbdefault\u00bb global_colors_info=\u00bb{}\u00bb][et_pb_column type=\u00bb3_5&#8243; _builder_version=\u00bb4.26.1&#8243; _module_preset=\u00bbdefault\u00bb global_colors_info=\u00bb{}\u00bb][et_pb_text _builder_version=\u00bb4.27.4&#8243; _module_preset=\u00bbdefault\u00bb text_font=\u00bb||||||||\u00bb text_font_size=\u00bb28px\u00bb text_line_height=\u00bb1.5em\u00bb custom_padding=\u00bb||0px|||\u00bb global_colors_info=\u00bb{}\u00bb]<\/p>\n<h2>3. Recuperaci\u00f3n rentable en caso de desastre para peque\u00f1as empresas<\/h2>\n<p>&nbsp;<\/p>\n<p><strong>Escenario:<\/strong> Una peque\u00f1a empresa con recursos limitados necesita una soluci\u00f3n de DR robusta que no requiera hardware o software propietario.<\/p>\n<p><strong>Soluci\u00f3n:<\/strong><\/p>\n<ul>\n<li>DRLM aprovecha la infraestructura existente, evitando costes adicionales de hardware.<\/li>\n<li>La flexibilidad del c\u00f3digo abierto proporciona una recuperaci\u00f3n de nivel empresarial sin elevados costes de licencia.<\/li>\n<li>Las completas opciones de asistencia se adaptan a presupuestos de todos los tama\u00f1os.<\/li>\n<\/ul>\n<p><strong>Resultado:<\/strong> un plan de recuperaci\u00f3n ante desastres escalable y fiable sin arruinarse.<\/p>\n<p>[\/et_pb_text][\/et_pb_column][et_pb_column type=\u00bb2_5&#8243; _builder_version=\u00bb4.26.1&#8243; _module_preset=\u00bbdefault\u00bb global_colors_info=\u00bb{}\u00bb][et_pb_image src=\u00bbhttps:\/\/drlm.io\/wp-content\/uploads\/2024\/12\/napkin-selection7.png\u00bb title_text=\u00bbuse_case_budgetDR\u00bb _builder_version=\u00bb4.27.4&#8243; _module_preset=\u00bbdefault\u00bb global_colors_info=\u00bb{}\u00bb][\/et_pb_image][\/et_pb_column][\/et_pb_row][\/et_pb_section][et_pb_section fb_built=\u00bb1&#8243; _builder_version=\u00bb4.27.4&#8243; _module_preset=\u00bbdefault\u00bb background_color=\u00bbRGBA(67,64,65,0.1)\u00bb global_colors_info=\u00bb{}\u00bb][et_pb_row column_structure=\u00bb2_5,3_5&#8243; _builder_version=\u00bb4.27.0&#8243; _module_preset=\u00bbdefault\u00bb global_colors_info=\u00bb{}\u00bb][et_pb_column type=\u00bb2_5&#8243; _builder_version=\u00bb4.26.1&#8243; _module_preset=\u00bbdefault\u00bb global_colors_info=\u00bb{}\u00bb][et_pb_image src=\u00bbhttps:\/\/drlm.io\/wp-content\/uploads\/2024\/12\/napkin-selection8.png\u00bb title_text=\u00bbuse_case_multi\u00bb _builder_version=\u00bb4.27.4&#8243; _module_preset=\u00bbdefault\u00bb global_colors_info=\u00bb{}\u00bb][\/et_pb_image][\/et_pb_column][et_pb_column type=\u00bb3_5&#8243; _builder_version=\u00bb4.26.1&#8243; _module_preset=\u00bbdefault\u00bb global_colors_info=\u00bb{}\u00bb][et_pb_text _builder_version=\u00bb4.27.4&#8243; _module_preset=\u00bbdefault\u00bb text_font=\u00bb||||||||\u00bb text_font_size=\u00bb28px\u00bb text_line_height=\u00bb1.5em\u00bb custom_padding=\u00bb||0px|||\u00bb global_colors_info=\u00bb{}\u00bb]<\/p>\n<h2>4. Recuperaci\u00f3n multisitio para empresas<\/h2>\n<p>&nbsp;<\/p>\n<p><strong>Escenario:<\/strong> Una gran empresa con m\u00faltiples centros de datos necesita una recuperaci\u00f3n sincronizada en todos los sitios.<\/p>\n<p><strong>Soluci\u00f3n:<\/strong><\/p>\n<ul>\n<li>DRLM organiza las copias de seguridad y la recuperaci\u00f3n en todas las ubicaciones.<\/li>\n<li>La integraci\u00f3n con la nube o el archivado externo garantiza la redundancia y la fiabilidad.<\/li>\n<li>Los scripts de recuperaci\u00f3n personalizados gestionan configuraciones complejas.<\/li>\n<\/ul>\n<p><strong>Resultado:<\/strong> gesti\u00f3n unificada de la recuperaci\u00f3n en varias ubicaciones, lo que garantiza la coherencia de los datos.<\/p>\n<p>[\/et_pb_text][\/et_pb_column][\/et_pb_row][\/et_pb_section][et_pb_section fb_built=\u00bb1&#8243; _builder_version=\u00bb4.27.4&#8243; _module_preset=\u00bbdefault\u00bb background_color=\u00bbRGBA(255,255,255,0)\u00bb global_colors_info=\u00bb{}\u00bb][et_pb_row column_structure=\u00bb3_5,2_5&#8243; _builder_version=\u00bb4.27.0&#8243; _module_preset=\u00bbdefault\u00bb global_colors_info=\u00bb{}\u00bb][et_pb_column type=\u00bb3_5&#8243; _builder_version=\u00bb4.26.1&#8243; _module_preset=\u00bbdefault\u00bb global_colors_info=\u00bb{}\u00bb][et_pb_text _builder_version=\u00bb4.27.4&#8243; _module_preset=\u00bbdefault\u00bb text_font=\u00bb||||||||\u00bb text_font_size=\u00bb28px\u00bb text_line_height=\u00bb1.5em\u00bb custom_padding=\u00bb||0px|||\u00bb global_colors_info=\u00bb{}\u00bb]<\/p>\n<h2>5. Optimizaci\u00f3n de las estrategias de archivo a largo plazo<\/h2>\n<p>&nbsp;<\/p>\n<p><strong>Escenario:<\/strong> Una organizaci\u00f3n necesita retener datos para prop\u00f3sitos de cumplimiento y al mismo tiempo asegurar la accesibilidad para auditor\u00edas.<\/p>\n<p><strong>Soluci\u00f3n:<\/strong><\/p>\n<ul>\n<li>DRLM se integra con las soluciones de copia de seguridad existentes para archivar im\u00e1genes de recuperaci\u00f3n de forma eficaz.<\/li>\n<li>Admite pol\u00edticas de retenci\u00f3n personalizadas para cumplir los requisitos normativos.<\/li>\n<li>Permite recuperar r\u00e1pidamente las copias de seguridad hist\u00f3ricas para su validaci\u00f3n y la elaboraci\u00f3n de informes.<\/li>\n<\/ul>\n<p><strong>Resultado:<\/strong> gesti\u00f3n de datos simplificada que cumple las normas de conformidad.<\/p>\n<p>[\/et_pb_text][\/et_pb_column][et_pb_column type=\u00bb2_5&#8243; _builder_version=\u00bb4.26.1&#8243; _module_preset=\u00bbdefault\u00bb global_colors_info=\u00bb{}\u00bb][et_pb_image src=\u00bbhttps:\/\/drlm.io\/wp-content\/uploads\/2024\/12\/napkin-selection9.png\u00bb _builder_version=\u00bb4.27.4&#8243; _module_preset=\u00bbdefault\u00bb title_text=\u00bbuse_case_5&#8243; hover_enabled=\u00bb0&#8243; sticky_enabled=\u00bb0&#8243; custom_padding=\u00bb62px|||||\u00bb][\/et_pb_image][\/et_pb_column][\/et_pb_row][\/et_pb_section][et_pb_section fb_built=\u00bb1&#8243; module_class=\u00bbcapcalera-intermitja\u00bb _builder_version=\u00bb4.27.2&#8243; _module_preset=\u00bbdefault\u00bb background_color=\u00bb#D72629&#8243; custom_padding=\u00bb0px||0px|||\u00bb global_colors_info=\u00bb{}\u00bb][et_pb_row _builder_version=\u00bb4.26.0&#8243; _module_preset=\u00bbdefault\u00bb global_colors_info=\u00bb{}\u00bb][et_pb_column type=\u00bb4_4&#8243; _builder_version=\u00bb4.26.0&#8243; _module_preset=\u00bbdefault\u00bb global_colors_info=\u00bb{}\u00bb][et_pb_text _builder_version=\u00bb4.27.2&#8243; _module_preset=\u00bbdefault\u00bb text_text_color=\u00bbRGBA(255,255,255,0)\u00bb header_text_color=\u00bb#FFFFFF\u00bb header_2_text_color=\u00bb#FFFFFF\u00bb header_2_font_size=\u00bb54px\u00bb custom_padding=\u00bb11px||0px|||\u00bb global_colors_info=\u00bb{}\u00bb]<\/p>\n<h2 style=\"text-align: center;\">FAQ<\/h2>\n<p>[\/et_pb_text][\/et_pb_column][\/et_pb_row][\/et_pb_section][et_pb_section fb_built=\u00bb1&#8243; _builder_version=\u00bb4.27.2&#8243; _module_preset=\u00bbdefault\u00bb background_color=\u00bbRGBA(67,64,65,0.1)\u00bb custom_padding=\u00bb40px||40px|||\u00bb global_colors_info=\u00bb{}\u00bb][et_pb_row _builder_version=\u00bb4.27.2&#8243; _module_preset=\u00bbdefault\u00bb custom_padding=\u00bb0px||0px|||\u00bb global_colors_info=\u00bb{}\u00bb][et_pb_column type=\u00bb4_4&#8243; _builder_version=\u00bb4.25.2&#8243; _module_preset=\u00bbdefault\u00bb global_colors_info=\u00bb{}\u00bb][et_pb_text _builder_version=\u00bb4.27.4&#8243; _module_preset=\u00bbdefault\u00bb header_2_font=\u00bb|700|||||||\u00bb header_2_text_align=\u00bbcenter\u00bb header_2_font_size=\u00bb34px\u00bb header_3_text_color=\u00bb#434041&#8243; header_3_font_size=\u00bb20px\u00bb custom_margin=\u00bb||-8px|||\u00bb custom_padding=\u00bb||0px|||\u00bb global_colors_info=\u00bb{}\u00bb]<\/p>\n<h3 style=\"text-align: center;\">Casos de uso y escenarios<\/h3>\n<p>[\/et_pb_text][\/et_pb_column][\/et_pb_row][\/et_pb_section][et_pb_section fb_built=\u00bb1&#8243; _builder_version=\u00bb4.25.2&#8243; _module_preset=\u00bbdefault\u00bb global_module=\u00bb405&#8243; saved_tabs=\u00bball\u00bb global_colors_info=\u00bb{}\u00bb][et_pb_row _builder_version=\u00bb4.25.2&#8243; _module_preset=\u00bbdefault\u00bb global_colors_info=\u00bb{}\u00bb][et_pb_column type=\u00bb4_4&#8243; _builder_version=\u00bb4.25.2&#8243; _module_preset=\u00bbdefault\u00bb global_colors_info=\u00bb{}\u00bb][et_pb_accordion toggle_icon=\u00bb&#x4f;||divi||400&#8243; _builder_version=\u00bb4.27.4&#8243; _module_preset=\u00bbdefault\u00bb global_colors_info=\u00bb{}\u00bb][et_pb_accordion_item title=\u00bbTraducir en Divi Library\u00bb open=\u00bbon\u00bb toggle_icon=\u00bb&#x50;||divi||400&#8243; _builder_version=\u00bb4.27.4&#8243; _module_preset=\u00bbdefault\u00bb global_colors_info=\u00bb{}\u00bb]Traducir en Divi Library[\/et_pb_accordion_item][et_pb_accordion_item title=\u00bbTraducir en Divi Library\u00bb toggle_icon=\u00bb&#x50;||divi||400&#8243; _builder_version=\u00bb4.27.4&#8243; _module_preset=\u00bbdefault\u00bb global_colors_info=\u00bb{}\u00bb open=\u00bboff\u00bb]Traducir en Divi Library[\/et_pb_accordion_item][et_pb_accordion_item title=\u00bbTraducir en Divi Library\u00bb toggle_icon=\u00bb&#x50;||divi||400&#8243; _builder_version=\u00bb4.27.4&#8243; _module_preset=\u00bbdefault\u00bb global_colors_info=\u00bb{}\u00bb open=\u00bboff\u00bb]Traducir en Divi Library[\/et_pb_accordion_item][et_pb_accordion_item title=\u00bbTraducir en Divi Library\u00bb toggle_icon=\u00bb&#x50;||divi||400&#8243; _builder_version=\u00bb4.27.4&#8243; _module_preset=\u00bbdefault\u00bb global_colors_info=\u00bb{}\u00bb open=\u00bboff\u00bb]Traducir en Divi Library[\/et_pb_accordion_item][et_pb_accordion_item title=\u00bbTraducir en Divi Library\u00bb toggle_icon=\u00bb&#x50;||divi||400&#8243; _builder_version=\u00bb4.27.4&#8243; _module_preset=\u00bbdefault\u00bb global_colors_info=\u00bb{}\u00bb open=\u00bboff\u00bb]Traducir en Divi Library[\/et_pb_accordion_item][et_pb_accordion_item title=\u00bbTraducir en Divi Library\u00bb toggle_icon=\u00bb&#x50;||divi||400&#8243; _builder_version=\u00bb4.27.4&#8243; _module_preset=\u00bbdefault\u00bb global_colors_info=\u00bb{}\u00bb open=\u00bboff\u00bb]Traducir en Divi Library[\/et_pb_accordion_item][et_pb_accordion_item title=\u00bbTraducir en Divi Library\u00bb toggle_icon=\u00bb&#x50;||divi||400&#8243; _builder_version=\u00bb4.27.4&#8243; _module_preset=\u00bbdefault\u00bb global_colors_info=\u00bb{}\u00bb open=\u00bboff\u00bb]Traducir en Divi Library[\/et_pb_accordion_item][et_pb_accordion_item title=\u00bbTraducir en Divi Library\u00bb toggle_icon=\u00bb&#x50;||divi||400&#8243; _builder_version=\u00bb4.27.4&#8243; _module_preset=\u00bbdefault\u00bb global_colors_info=\u00bb{}\u00bb open=\u00bboff\u00bb]Traducir en Divi Library[\/et_pb_accordion_item][et_pb_accordion_item title=\u00bbTraducir en Divi Library\u00bb toggle_icon=\u00bb&#x50;||divi||400&#8243; _builder_version=\u00bb4.27.4&#8243; _module_preset=\u00bbdefault\u00bb global_colors_info=\u00bb{}\u00bb open=\u00bboff\u00bb]Traducir en Divi Library[\/et_pb_accordion_item][et_pb_accordion_item title=\u00bbTraducir en Divi Library\u00bb toggle_icon=\u00bb&#x50;||divi||400&#8243; _builder_version=\u00bb4.27.4&#8243; _module_preset=\u00bbdefault\u00bb global_colors_info=\u00bb{}\u00bb open=\u00bboff\u00bb]Traducir en Divi Library[\/et_pb_accordion_item][\/et_pb_accordion][\/et_pb_column][\/et_pb_row][\/et_pb_section][et_pb_section fb_built=\u00bb1&#8243; _builder_version=\u00bb4.27.0&#8243; _module_preset=\u00bbdefault\u00bb custom_padding=\u00bb0px|||||\u00bb global_module=\u00bb415&#8243; saved_tabs=\u00bball\u00bb global_colors_info=\u00bb{}\u00bb][et_pb_row _builder_version=\u00bb4.27.0&#8243; _module_preset=\u00bbdefault\u00bb custom_padding=\u00bb1px|||||\u00bb global_colors_info=\u00bb{}\u00bb][et_pb_column type=\u00bb4_4&#8243; _builder_version=\u00bb4.27.0&#8243; _module_preset=\u00bbdefault\u00bb global_colors_info=\u00bb{}\u00bb][et_pb_button button_url=\u00bbhttps:\/\/drlm.io\/resources\/faqs\/\u00bb button_text=\u00bbVer todas las FAQs\u00bb _builder_version=\u00bb4.27.0&#8243; _module_preset=\u00bbdefault\u00bb custom_button=\u00bbon\u00bb button_use_icon=\u00bboff\u00bb global_colors_info=\u00bb{}\u00bb][\/et_pb_button][\/et_pb_column][\/et_pb_row][\/et_pb_section]<\/p>\n","protected":false},"excerpt":{"rendered":"<p>Descubra c\u00f3mo DRLM puede transformar su estrategia de copia de seguridad y recuperaci\u00f3n ante desastres con aplicaciones pr\u00e1cticas y reales adaptadas a sus necesidades.Potencie sus sistemas, proteja sus datos Tanto si gestiona entornos peque\u00f1os como infraestructuras complejas, DRLM est\u00e1 dise\u00f1ado para hacer frente a diversos retos. Desde garantizar una recuperaci\u00f3n perfecta en caso de desastre [&hellip;]<\/p>\n","protected":false},"author":1,"featured_media":0,"parent":0,"menu_order":0,"comment_status":"closed","ping_status":"closed","template":"","meta":{"_et_pb_use_builder":"on","_et_pb_old_content":"","_et_gb_content_width":"","footnotes":""},"class_list":["post-237416","page","type-page","status-publish","hentry"],"aioseo_notices":[],"_links":{"self":[{"href":"https:\/\/drlm.io\/es\/wp-json\/wp\/v2\/pages\/237416","targetHints":{"allow":["GET"]}}],"collection":[{"href":"https:\/\/drlm.io\/es\/wp-json\/wp\/v2\/pages"}],"about":[{"href":"https:\/\/drlm.io\/es\/wp-json\/wp\/v2\/types\/page"}],"author":[{"embeddable":true,"href":"https:\/\/drlm.io\/es\/wp-json\/wp\/v2\/users\/1"}],"replies":[{"embeddable":true,"href":"https:\/\/drlm.io\/es\/wp-json\/wp\/v2\/comments?post=237416"}],"version-history":[{"count":4,"href":"https:\/\/drlm.io\/es\/wp-json\/wp\/v2\/pages\/237416\/revisions"}],"predecessor-version":[{"id":237808,"href":"https:\/\/drlm.io\/es\/wp-json\/wp\/v2\/pages\/237416\/revisions\/237808"}],"wp:attachment":[{"href":"https:\/\/drlm.io\/es\/wp-json\/wp\/v2\/media?parent=237416"}],"curies":[{"name":"wp","href":"https:\/\/api.w.org\/{rel}","templated":true}]}}