

{"id":237475,"date":"2024-07-02T13:29:58","date_gmt":"2024-07-02T11:29:58","guid":{"rendered":"https:\/\/drlm.io\/sea-un-partner\/"},"modified":"2025-01-14T13:14:18","modified_gmt":"2025-01-14T11:14:18","slug":"sea-un-partner","status":"publish","type":"page","link":"https:\/\/drlm.io\/es\/sea-un-partner\/","title":{"rendered":"Sea un Partner"},"content":{"rendered":"<p>[et_pb_section fb_built=\u00bb1&#8243; _builder_version=\u00bb4.25.2&#8243; _module_preset=\u00bbdefault\u00bb background_color=\u00bb#9d000d\u00bb background_image=\u00bbhttps:\/\/drlm.io\/wp-content\/uploads\/2024\/06\/imagotype-background-e1719496499304.png\u00bb parallax=\u00bbon\u00bb parallax_method=\u00bboff\u00bb background_blend=\u00bbhard-light\u00bb custom_padding=\u00bb17px||0px|||\u00bb global_module=\u00bb58&#8243; saved_tabs=\u00bball\u00bb global_colors_info=\u00bb{}\u00bb][et_pb_row _builder_version=\u00bb4.25.2&#8243; _module_preset=\u00bbdefault\u00bb global_colors_info=\u00bb{}\u00bb][et_pb_column type=\u00bb4_4&#8243; _builder_version=\u00bb4.25.2&#8243; _module_preset=\u00bbdefault\u00bb global_colors_info=\u00bb{}\u00bb][et_pb_post_title meta=\u00bboff\u00bb featured_image=\u00bboff\u00bb _builder_version=\u00bb4.27.0&#8243; _module_preset=\u00bbdefault\u00bb title_font=\u00bb|700|||||||\u00bb title_text_color=\u00bb#FFFFFF\u00bb title_font_size=\u00bb54px\u00bb custom_margin=\u00bb||-1px|||\u00bb title_font_size_tablet=\u00bb50px\u00bb title_font_size_phone=\u00bb40px\u00bb title_font_size_last_edited=\u00bbon|phone\u00bb global_colors_info=\u00bb{}\u00bb][\/et_pb_post_title][\/et_pb_column][\/et_pb_row][\/et_pb_section][et_pb_section fb_built=\u00bb1&#8243; _builder_version=\u00bb4.27.2&#8243; _module_preset=\u00bbdefault\u00bb background_color=\u00bbRGBA(67,64,65,0.1)\u00bb custom_padding=\u00bb40px||40px|||\u00bb global_colors_info=\u00bb{}\u00bb][et_pb_row _builder_version=\u00bb4.27.2&#8243; _module_preset=\u00bbdefault\u00bb custom_padding=\u00bb0px||0px|||\u00bb global_colors_info=\u00bb{}\u00bb][et_pb_column type=\u00bb4_4&#8243; _builder_version=\u00bb4.25.2&#8243; _module_preset=\u00bbdefault\u00bb global_colors_info=\u00bb{}\u00bb][et_pb_text _builder_version=\u00bb4.27.4&#8243; _module_preset=\u00bbdefault\u00bb header_2_font=\u00bb|700|||||||\u00bb header_2_text_align=\u00bbcenter\u00bb header_2_font_size=\u00bb34px\u00bb header_3_text_color=\u00bb#434041&#8243; header_3_font_size=\u00bb20px\u00bb custom_margin=\u00bb||-8px|||\u00bb custom_padding=\u00bb||0px|||\u00bb global_colors_info=\u00bb{}\u00bb]<\/p>\n<h3 style=\"text-align: center;\">As\u00f3ciese con nosotros para alcanzar el \u00e9xito<\/h3>\n<p>[\/et_pb_text][\/et_pb_column][\/et_pb_row][\/et_pb_section][et_pb_section fb_built=\u00bb1&#8243; _builder_version=\u00bb4.25.2&#8243; _module_preset=\u00bbdefault\u00bb custom_padding=\u00bb16px||6px|||\u00bb global_colors_info=\u00bb{}\u00bb][et_pb_row _builder_version=\u00bb4.27.0&#8243; _module_preset=\u00bbdefault\u00bb global_colors_info=\u00bb{}\u00bb][et_pb_column type=\u00bb4_4&#8243; _builder_version=\u00bb4.25.2&#8243; _module_preset=\u00bbdefault\u00bb global_colors_info=\u00bb{}\u00bb][et_pb_text _builder_version=\u00bb4.27.4&#8243; _module_preset=\u00bbdefault\u00bb custom_padding=\u00bb||0px|||\u00bb global_colors_info=\u00bb{}\u00bb]<\/p>\n<p>En <strong>drlm.io<\/strong>, valoramos las asociaciones que nos ayudan a ampliar el alcance de nuestras soluciones de recuperaci\u00f3n de desastres l\u00edderes en el sector. Como parte de nuestro programa de socios, puede unirse a nosotros en la prestaci\u00f3n de servicios de soporte de clase mundial para soluciones de recuperaci\u00f3n de desastres Linux de c\u00f3digo abierto.<\/p>\n<p>\u00bfEst\u00e1 preparado para hacer crecer su negocio con soluciones de software innovadoras? \u00danase a nuestros programas de asociaci\u00f3n y desbloquee nuevas oportunidades de crecimiento, ingresos y \u00e9xito de los clientes.<\/p>\n<p>[\/et_pb_text][\/et_pb_column][\/et_pb_row][\/et_pb_section][et_pb_section fb_built=\u00bb1&#8243; _builder_version=\u00bb4.25.2&#8243; _module_preset=\u00bbdefault\u00bb custom_padding=\u00bb4px||2px|||\u00bb global_colors_info=\u00bb{}\u00bb][et_pb_row column_structure=\u00bb3_4,1_4&#8243; _builder_version=\u00bb4.27.0&#8243; _module_preset=\u00bbdefault\u00bb global_colors_info=\u00bb{}\u00bb][et_pb_column type=\u00bb3_4&#8243; _builder_version=\u00bb4.25.2&#8243; _module_preset=\u00bbdefault\u00bb global_colors_info=\u00bb{}\u00bb][et_pb_text _builder_version=\u00bb4.27.4&#8243; _module_preset=\u00bbdefault\u00bb global_colors_info=\u00bb{}\u00bb]<\/p>\n<h2>Programa de socios distribuidores<\/h2>\n<p>Nuestros socios distribuidores desempe\u00f1an un papel crucial en la promoci\u00f3n y venta de los servicios de soporte<strong> de DRLM<\/strong>. Al ofrecer servicios expertos de soporte, consultor\u00eda y mantenimiento a los clientes, nuestros socios distribuidores ayudan a garantizar que empresas de todos los tama\u00f1os puedan mantener su infraestructura Linux con confianza y facilidad.<\/p>\n<blockquote>\n<p><strong>Ampl\u00ede su oferta<\/strong>: A\u00f1ada servicios de soporte de recuperaci\u00f3n ante desastres a su cartera y proporcione a las empresas una soluci\u00f3n esencial y muy demandada.<\/p>\n<p><strong>Ingresos recurrentes<\/strong>: Obtenga beneficios de los contratos de asistencia continua, ya que las empresas conf\u00edan en nuestros servicios para mantener sus sistemas Linux en perfecto funcionamiento.<\/p>\n<p><strong>Soporte experto<\/strong>: Obtenga acceso a la experiencia y los recursos de nuestro equipo para asegurarse de que puede ofrecer un servicio de m\u00e1xima calidad a sus clientes.<\/p>\n<p><strong>Oportunidades de crecimiento<\/strong>: Como Distribuidor, puede aprovechar un mercado en crecimiento para las soluciones de recuperaci\u00f3n ante desastres de Linux, ya sea para peque\u00f1as empresas o grandes organizaciones.<\/p>\n<\/blockquote>\n<p>Como distribuidor, dispondr\u00e1 de las herramientas y la formaci\u00f3n necesarias para vender eficazmente nuestros servicios de asistencia, con especial atenci\u00f3n a la simplificaci\u00f3n de la recuperaci\u00f3n ante desastres para entornos Linux. Le proporcionaremos los recursos necesarios para hacer crecer su negocio al tiempo que ayuda a sus clientes a proteger sus infraestructuras cr\u00edticas.<\/p>\n<p>&nbsp;<\/p>\n<p><strong>A qui\u00e9n va dirigido:<\/strong> proveedores de servicios de TI, distribuidores de software y consultores tecnol\u00f3gicos que buscan a\u00f1adir valor para sus clientes.<\/p>\n<p>&nbsp;<\/p>\n<p>[\/et_pb_text][\/et_pb_column][et_pb_column type=\u00bb1_4&#8243; _builder_version=\u00bb4.27.4&#8243; _module_preset=\u00bbdefault\u00bb global_colors_info=\u00bb{}\u00bb][et_pb_image src=\u00bbhttps:\/\/drlm.io\/wp-content\/uploads\/2024\/12\/napkin-selection11.png\u00bb title_text=\u00bbreseller_big\u00bb _builder_version=\u00bb4.27.4&#8243; _module_preset=\u00bbdefault\u00bb max_width=\u00bb250px\u00bb custom_padding=\u00bb3px|||||\u00bb hover_enabled=\u00bb0&#8243; global_colors_info=\u00bb{}\u00bb align=\u00bbcenter\u00bb sticky_enabled=\u00bb0&#8243; module_alignment=\u00bbcenter\u00bb][\/et_pb_image][\/et_pb_column][\/et_pb_row][\/et_pb_section][et_pb_section fb_built=\u00bb1&#8243; _builder_version=\u00bb4.27.4&#8243; _module_preset=\u00bbdefault\u00bb background_color=\u00bbRGBA(67,64,65,0.1)\u00bb custom_padding=\u00bb5px||4px|||\u00bb global_colors_info=\u00bb{}\u00bb][et_pb_row column_structure=\u00bb3_4,1_4&#8243; _builder_version=\u00bb4.27.0&#8243; _module_preset=\u00bbdefault\u00bb global_colors_info=\u00bb{}\u00bb][et_pb_column type=\u00bb3_4&#8243; _builder_version=\u00bb4.25.2&#8243; _module_preset=\u00bbdefault\u00bb global_colors_info=\u00bb{}\u00bb][et_pb_text _builder_version=\u00bb4.27.4&#8243; _module_preset=\u00bbdefault\u00bb global_colors_info=\u00bb{}\u00bb]<\/p>\n<h2>Programa de socios de integraci\u00f3n tecnol\u00f3gica<\/h2>\n<p>As\u00f3ciese con nosotros para crear integraciones perfectas entre sus productos y los nuestros. Como miembro de nuestro <strong>Programa de Socios de Integraci\u00f3n Tecnol\u00f3gica<\/strong>, tendr\u00e1 la oportunidad de:<\/p>\n<blockquote>\n<p><strong>Mejorar su oferta de productos<\/strong>: Con\u00e9ctese con un ecosistema en crecimiento y ofrezca m\u00e1s valor a sus clientes integr\u00e1ndose con nuestras soluciones de confianza.<\/p>\n<p><strong>Acceda a asistencia t\u00e9cnica y recursos de desarrollo<\/strong>: Benef\u00edciese del acceso directo a nuestro equipo de expertos, junto con oportunidades de desarrollo conjunto para crear soluciones a medida.<\/p>\n<p><strong>Aumente la visibilidad<\/strong>: Aumente la exposici\u00f3n de su marca mediante iniciativas de marketing de marca compartida y referencias mutuas, que le ayudar\u00e1n a llegar a nuevos clientes y mercados.<\/p>\n<\/blockquote>\n<p>&nbsp;<\/p>\n<p><strong>A qui\u00e9n va dirigido:<\/strong> proveedores de software y fabricantes de hardware que deseen ampliar la funcionalidad, el atractivo y el alcance comercial de sus productos mediante soluciones potentes e integradas.<\/p>\n<p>&nbsp;<\/p>\n<p>[\/et_pb_text][\/et_pb_column][et_pb_column type=\u00bb1_4&#8243; _builder_version=\u00bb4.25.2&#8243; _module_preset=\u00bbdefault\u00bb global_colors_info=\u00bb{}\u00bb][et_pb_image src=\u00bbhttps:\/\/drlm.io\/wp-content\/uploads\/2024\/12\/napkin-selection12.png\u00bb title_text=\u00bbti_partner\u00bb _builder_version=\u00bb4.27.4&#8243; _module_preset=\u00bbdefault\u00bb max_width=\u00bb250px\u00bb hover_enabled=\u00bb0&#8243; global_colors_info=\u00bb{}\u00bb align=\u00bbcenter\u00bb module_alignment=\u00bbcenter\u00bb sticky_enabled=\u00bb0&#8243;][\/et_pb_image][\/et_pb_column][\/et_pb_row][\/et_pb_section][et_pb_section fb_built=\u00bb1&#8243; _builder_version=\u00bb4.25.2&#8243; _module_preset=\u00bbdefault\u00bb global_colors_info=\u00bb{}\u00bb][et_pb_row _builder_version=\u00bb4.27.0&#8243; _module_preset=\u00bbdefault\u00bb global_colors_info=\u00bb{}\u00bb][et_pb_column type=\u00bb4_4&#8243; _builder_version=\u00bb4.25.2&#8243; _module_preset=\u00bbdefault\u00bb global_colors_info=\u00bb{}\u00bb][et_pb_text _builder_version=\u00bb4.27.4&#8243; _module_preset=\u00bbdefault\u00bb global_colors_info=\u00bb{}\u00bb]<\/p>\n<h2>\u00bfPor qu\u00e9 asociarse con nosotros?<\/h2>\n<blockquote>\n<p><strong>Tecnolog\u00eda innovadora:<\/strong> Ofrezca soluciones que resuelvan problemas reales y aporten valor a sus clientes.<\/p>\n<p><strong>Asistencia dedicada:<\/strong> acceda a un equipo comprometido con su \u00e9xito, desde la incorporaci\u00f3n hasta el crecimiento continuo.<\/p>\n<p><strong>Crecimiento compartido:<\/strong> Nosotros triunfamos cuando usted triunfa. Construyamos una asociaci\u00f3n duradera que beneficie a ambas partes.<\/p>\n<\/blockquote>\n<p>&nbsp;<\/p>\n<h4><strong>Crezcamos juntos!<\/strong><\/h4>\n<p>\u00bfListo para dar el siguiente paso? P\u00f3ngase en contacto con nosotros hoy mismo para obtener m\u00e1s informaci\u00f3n sobre nuestros programas de asociaci\u00f3n y c\u00f3mo podemos conseguir m\u00e1s juntos.<\/p>\n<p>[\/et_pb_text][et_pb_button button_text=\u00bbH\u00e1gase socio ahora\u00bb _builder_version=\u00bb4.27.4&#8243; _module_preset=\u00bbdefault\u00bb global_colors_info=\u00bb{}\u00bb][\/et_pb_button][\/et_pb_column][\/et_pb_row][\/et_pb_section][et_pb_section fb_built=\u00bb1&#8243; module_class=\u00bbcapcalera-intermitja\u00bb _builder_version=\u00bb4.27.2&#8243; _module_preset=\u00bbdefault\u00bb background_color=\u00bb#D72629&#8243; custom_padding=\u00bb0px||0px|||\u00bb global_colors_info=\u00bb{}\u00bb][et_pb_row _builder_version=\u00bb4.26.0&#8243; _module_preset=\u00bbdefault\u00bb global_colors_info=\u00bb{}\u00bb][et_pb_column type=\u00bb4_4&#8243; _builder_version=\u00bb4.26.0&#8243; _module_preset=\u00bbdefault\u00bb global_colors_info=\u00bb{}\u00bb][et_pb_text _builder_version=\u00bb4.27.4&#8243; _module_preset=\u00bbdefault\u00bb text_text_color=\u00bbRGBA(255,255,255,0)\u00bb header_text_color=\u00bb#FFFFFF\u00bb header_2_text_color=\u00bb#FFFFFF\u00bb header_2_font_size=\u00bb56px\u00bb custom_padding=\u00bb11px||0px|||\u00bb header_2_font_size_tablet=\u00bb46px\u00bb header_2_font_size_phone=\u00bb36px\u00bb header_2_font_size_last_edited=\u00bbon|phone\u00bb global_colors_info=\u00bb{}\u00bb]<\/p>\n<h2 style=\"text-align: center;\">FAQ<\/h2>\n<p>[\/et_pb_text][\/et_pb_column][\/et_pb_row][\/et_pb_section][et_pb_section fb_built=\u00bb1&#8243; _builder_version=\u00bb4.27.2&#8243; _module_preset=\u00bbdefault\u00bb background_color=\u00bbRGBA(67,64,65,0.1)\u00bb custom_padding=\u00bb40px||40px|||\u00bb global_colors_info=\u00bb{}\u00bb][et_pb_row _builder_version=\u00bb4.27.2&#8243; _module_preset=\u00bbdefault\u00bb custom_padding=\u00bb0px||0px|||\u00bb global_colors_info=\u00bb{}\u00bb][et_pb_column type=\u00bb4_4&#8243; _builder_version=\u00bb4.25.2&#8243; _module_preset=\u00bbdefault\u00bb global_colors_info=\u00bb{}\u00bb][et_pb_text _builder_version=\u00bb4.27.4&#8243; _module_preset=\u00bbdefault\u00bb header_2_font=\u00bb|700|||||||\u00bb header_2_text_align=\u00bbcenter\u00bb header_2_font_size=\u00bb34px\u00bb header_3_text_color=\u00bb#434041&#8243; header_3_font_size=\u00bb20px\u00bb custom_margin=\u00bb||-8px|||\u00bb custom_padding=\u00bb||0px|||\u00bb global_colors_info=\u00bb{}\u00bb]<\/p>\n<h3 style=\"text-align: center;\">Programa de socios<\/h3>\n<p>[\/et_pb_text][\/et_pb_column][\/et_pb_row][\/et_pb_section][et_pb_section fb_built=\u00bb1&#8243; _builder_version=\u00bb4.25.2&#8243; _module_preset=\u00bbdefault\u00bb global_module=\u00bb403&#8243; saved_tabs=\u00bball\u00bb global_colors_info=\u00bb{}\u00bb][et_pb_row _builder_version=\u00bb4.27.4&#8243; _module_preset=\u00bbdefault\u00bb global_colors_info=\u00bb{}\u00bb][et_pb_column type=\u00bb4_4&#8243; _builder_version=\u00bb4.25.2&#8243; _module_preset=\u00bbdefault\u00bb global_colors_info=\u00bb{}\u00bb][et_pb_accordion toggle_icon=\u00bb&#x4f;||divi||400&#8243; _builder_version=\u00bb4.27.4&#8243; _module_preset=\u00bbdefault\u00bb global_colors_info=\u00bb{}\u00bb][et_pb_accordion_item title=\u00bbTraducir en Divi library\u00bb open=\u00bbon\u00bb toggle_icon=\u00bb&#x50;||divi||400&#8243; _builder_version=\u00bb4.27.4&#8243; _module_preset=\u00bbdefault\u00bb global_colors_info=\u00bb{}\u00bb]Traducir en Divi library[\/et_pb_accordion_item][et_pb_accordion_item title=\u00bbTraducir en Divi library\u00bb toggle_icon=\u00bb&#x50;||divi||400&#8243; _builder_version=\u00bb4.27.4&#8243; _module_preset=\u00bbdefault\u00bb global_colors_info=\u00bb{}\u00bb open=\u00bboff\u00bb]Traducir en Divi library[\/et_pb_accordion_item][et_pb_accordion_item title=\u00bbTraducir en Divi library\u00bb toggle_icon=\u00bb&#x50;||divi||400&#8243; _builder_version=\u00bb4.27.4&#8243; _module_preset=\u00bbdefault\u00bb global_colors_info=\u00bb{}\u00bb open=\u00bboff\u00bb]Traducir en Divi library[\/et_pb_accordion_item][et_pb_accordion_item title=\u00bbTraducir en Divi library\u00bb toggle_icon=\u00bb&#x50;||divi||400&#8243; _builder_version=\u00bb4.27.4&#8243; _module_preset=\u00bbdefault\u00bb global_colors_info=\u00bb{}\u00bb open=\u00bboff\u00bb]Traducir en Divi library[\/et_pb_accordion_item][et_pb_accordion_item title=\u00bbTraducir en Divi library\u00bb toggle_icon=\u00bb&#x50;||divi||400&#8243; _builder_version=\u00bb4.27.4&#8243; _module_preset=\u00bbdefault\u00bb global_colors_info=\u00bb{}\u00bb open=\u00bboff\u00bb]Traducir en Divi library[\/et_pb_accordion_item][et_pb_accordion_item title=\u00bbTraducir en Divi library\u00bb toggle_icon=\u00bb&#x50;||divi||400&#8243; _builder_version=\u00bb4.27.4&#8243; _module_preset=\u00bbdefault\u00bb global_colors_info=\u00bb{}\u00bb open=\u00bboff\u00bb]Traducir en Divi library[\/et_pb_accordion_item][et_pb_accordion_item title=\u00bbTraducir en Divi library\u00bb toggle_icon=\u00bb&#x50;||divi||400&#8243; _builder_version=\u00bb4.27.4&#8243; _module_preset=\u00bbdefault\u00bb global_colors_info=\u00bb{}\u00bb open=\u00bboff\u00bb]Traducir en Divi library[\/et_pb_accordion_item][et_pb_accordion_item title=\u00bbTraducir en Divi library\u00bb toggle_icon=\u00bb&#x50;||divi||400&#8243; _builder_version=\u00bb4.27.4&#8243; _module_preset=\u00bbdefault\u00bb global_colors_info=\u00bb{}\u00bb open=\u00bboff\u00bb]Traducir en Divi library[\/et_pb_accordion_item][et_pb_accordion_item title=\u00bbTraducir en Divi library\u00bb toggle_icon=\u00bb&#x50;||divi||400&#8243; _builder_version=\u00bb4.27.4&#8243; _module_preset=\u00bbdefault\u00bb global_colors_info=\u00bb{}\u00bb open=\u00bboff\u00bb]Traducir en Divi library[\/et_pb_accordion_item][et_pb_accordion_item title=\u00bbTraducir en Divi library\u00bb toggle_icon=\u00bb&#x50;||divi||400&#8243; _builder_version=\u00bb4.27.4&#8243; _module_preset=\u00bbdefault\u00bb global_colors_info=\u00bb{}\u00bb open=\u00bboff\u00bb]Traducir en Divi library[\/et_pb_accordion_item][\/et_pb_accordion][\/et_pb_column][\/et_pb_row][\/et_pb_section][et_pb_section fb_built=\u00bb1&#8243; _builder_version=\u00bb4.27.0&#8243; _module_preset=\u00bbdefault\u00bb custom_padding=\u00bb0px|||||\u00bb global_module=\u00bb415&#8243; saved_tabs=\u00bball\u00bb global_colors_info=\u00bb{}\u00bb][et_pb_row _builder_version=\u00bb4.27.0&#8243; _module_preset=\u00bbdefault\u00bb custom_padding=\u00bb1px|||||\u00bb global_colors_info=\u00bb{}\u00bb][et_pb_column type=\u00bb4_4&#8243; _builder_version=\u00bb4.27.0&#8243; _module_preset=\u00bbdefault\u00bb global_colors_info=\u00bb{}\u00bb][et_pb_button button_url=\u00bbhttps:\/\/drlm.io\/resources\/faqs\/\u00bb button_text=\u00bbVer todas las FAQs\u00bb _builder_version=\u00bb4.27.0&#8243; _module_preset=\u00bbdefault\u00bb custom_button=\u00bbon\u00bb button_use_icon=\u00bboff\u00bb global_colors_info=\u00bb{}\u00bb][\/et_pb_button][\/et_pb_column][\/et_pb_row][\/et_pb_section]<\/p>\n","protected":false},"excerpt":{"rendered":"<p>As\u00f3ciese con nosotros para alcanzar el \u00e9xitoEn drlm.io, valoramos las asociaciones que nos ayudan a ampliar el alcance de nuestras soluciones de recuperaci\u00f3n de desastres l\u00edderes en el sector. Como parte de nuestro programa de socios, puede unirse a nosotros en la prestaci\u00f3n de servicios de soporte de clase mundial para soluciones de recuperaci\u00f3n de [&hellip;]<\/p>\n","protected":false},"author":1,"featured_media":0,"parent":0,"menu_order":0,"comment_status":"closed","ping_status":"closed","template":"","meta":{"_et_pb_use_builder":"on","_et_pb_old_content":"","_et_gb_content_width":"","footnotes":""},"class_list":["post-237475","page","type-page","status-publish","hentry"],"aioseo_notices":[],"_links":{"self":[{"href":"https:\/\/drlm.io\/es\/wp-json\/wp\/v2\/pages\/237475","targetHints":{"allow":["GET"]}}],"collection":[{"href":"https:\/\/drlm.io\/es\/wp-json\/wp\/v2\/pages"}],"about":[{"href":"https:\/\/drlm.io\/es\/wp-json\/wp\/v2\/types\/page"}],"author":[{"embeddable":true,"href":"https:\/\/drlm.io\/es\/wp-json\/wp\/v2\/users\/1"}],"replies":[{"embeddable":true,"href":"https:\/\/drlm.io\/es\/wp-json\/wp\/v2\/comments?post=237475"}],"version-history":[{"count":4,"href":"https:\/\/drlm.io\/es\/wp-json\/wp\/v2\/pages\/237475\/revisions"}],"predecessor-version":[{"id":237793,"href":"https:\/\/drlm.io\/es\/wp-json\/wp\/v2\/pages\/237475\/revisions\/237793"}],"wp:attachment":[{"href":"https:\/\/drlm.io\/es\/wp-json\/wp\/v2\/media?parent=237475"}],"curies":[{"name":"wp","href":"https:\/\/api.w.org\/{rel}","templated":true}]}}