

{"id":237762,"date":"2025-01-13T17:27:31","date_gmt":"2025-01-13T16:27:31","guid":{"rendered":"https:\/\/drlm.io\/politica-de-cookies\/"},"modified":"2025-01-27T11:10:22","modified_gmt":"2025-01-27T10:10:22","slug":"politica-de-cookies","status":"publish","type":"page","link":"https:\/\/drlm.io\/es\/politica-de-cookies\/","title":{"rendered":"Pol\u00edtica de cookies"},"content":{"rendered":"<p>[et_pb_section fb_built=\u00bb1&#8243; _builder_version=\u00bb4.25.2&#8243; _module_preset=\u00bbdefault\u00bb background_color=\u00bb#9d000d\u00bb background_image=\u00bbhttps:\/\/drlm.io\/wp-content\/uploads\/2024\/06\/imagotype-background-e1719496499304.png\u00bb parallax=\u00bbon\u00bb parallax_method=\u00bboff\u00bb background_blend=\u00bbhard-light\u00bb custom_padding=\u00bb17px||0px|||\u00bb global_module=\u00bb58&#8243; global_colors_info=\u00bb{}\u00bb][et_pb_row _builder_version=\u00bb4.25.2&#8243; _module_preset=\u00bbdefault\u00bb global_colors_info=\u00bb{}\u00bb][et_pb_column type=\u00bb4_4&#8243; _builder_version=\u00bb4.25.2&#8243; _module_preset=\u00bbdefault\u00bb global_colors_info=\u00bb{}\u00bb][et_pb_post_title meta=\u00bboff\u00bb featured_image=\u00bboff\u00bb _builder_version=\u00bb4.27.0&#8243; _module_preset=\u00bbdefault\u00bb title_font=\u00bb|700|||||||\u00bb title_text_color=\u00bb#FFFFFF\u00bb title_font_size=\u00bb54px\u00bb custom_margin=\u00bb||-1px|||\u00bb title_font_size_tablet=\u00bb50px\u00bb title_font_size_phone=\u00bb40px\u00bb title_font_size_last_edited=\u00bbon|phone\u00bb global_colors_info=\u00bb{}\u00bb][\/et_pb_post_title][\/et_pb_column][\/et_pb_row][\/et_pb_section][et_pb_section fb_built=\u00bb1&#8243; _builder_version=\u00bb4.27.4&#8243; _module_preset=\u00bbdefault\u00bb global_colors_info=\u00bb{}\u00bb][et_pb_row _builder_version=\u00bb4.27.4&#8243; _module_preset=\u00bbdefault\u00bb global_colors_info=\u00bb{}\u00bb][et_pb_column type=\u00bb4_4&#8243; _builder_version=\u00bb4.27.4&#8243; _module_preset=\u00bbdefault\u00bb global_colors_info=\u00bb{}\u00bb][et_pb_text _builder_version=\u00bb4.27.4&#8243; _module_preset=\u00bbdefault\u00bb hover_enabled=\u00bb0&#8243; global_colors_info=\u00bb{}\u00bb sticky_enabled=\u00bb0&#8243;]<\/p>\n<p class=\"p1\"><i>Actualizada: <\/i>ene. -25<span class=\"s1\"><b><span class=\"Apple-converted-space\">\u00a0<\/span><\/b><\/span><\/p>\n<p class=\"p3\">El sitio web <a href=\"https:\/\/drlm.io\/\">https:\/\/drlm.io\/<\/a>es responsabilidad de BRAIN UPDATERS, S.L. (en adelante BRAIN UPDATERS), con domicilio social en <span class=\"s1\">C\/Major, 120, 2on 2\u00aa &#8211; 17190 &#8211; Salt (Girona) con CIF: B55216519 <\/span>y direcci\u00f3n de correo electr\u00f3nico <span class=\"s2\">lopd@brainupdaters.net.<\/span><span class=\"Apple-converted-space\">\u00a0<\/span><\/p>\n<p class=\"p1\">Consecuentemente, la utilizaci\u00f3n de cookies se le aplica la presente \u00abPol\u00edtica de Uso de Cookies\u00bb que ha sido elaborada con el fin de que el usuario quede informado de los diferentes usos que se llevan a cabo en estos dispositivos y, pueda consentir su tratamiento de manera informada, de conformidad con lo previsto en la legislaci\u00f3n vigente.<\/p>\n<h2 class=\"p3\">\u00bfQu\u00e9 es una cookie?<\/h2>\n<p class=\"p4\">Una cookie es un fichero que se descarga en su ordenador al acceder el Usuario a determinadas p\u00e1ginas web. Las cookies permiten a una p\u00e1gina web, entre otras cosas, almacenar y recuperar informaci\u00f3n sobre los h\u00e1bitos de navegaci\u00f3n de un usuario o de su equipo y, dependiendo de la informaci\u00f3n que contengan y de la forma en que utilice su equipo, pueden utilizarse para reconocer al usuario.<\/p>\n<h2 class=\"p6\">\u00bfQu\u00e9 tipos de cookies existen?<\/h2>\n<p class=\"p4\">Existen varios tipos de cookies en funci\u00f3n de distintos criterios:<\/p>\n<p class=\"p4\">En funci\u00f3n del tiempo que permanecen activadas:<\/p>\n<ul class=\"ul1\">\n<li class=\"li4\">Cookies de sesi\u00f3n. Son un tipo de cookies dise\u00f1adas para recabar y almacenar datos mientras el usuario accede a una p\u00e1gina web.<\/li>\n<li class=\"li4\">Cookies permanentes: Son un tipo de cookies en el que los datos siguen almacenados en el terminal y pueden ser accedidos y tratados durante un periodo definido por el responsable de la cookie.<\/li>\n<\/ul>\n<p class=\"p7\">En funci\u00f3n de la titularidad:<\/p>\n<ul class=\"ul1\">\n<li class=\"li4\">Cookies propias. Son las que pertenecen a BRAIN UPDATERS<\/li>\n<li class=\"li4\">Cookies de terceros. Son aquellas cuya titularidad es de un tercero, distinto de BRAIN UPDATERS, que ser\u00e1 quien trate la informaci\u00f3n recabada.<\/li>\n<\/ul>\n<p class=\"p4\">En funci\u00f3n de su finalidad:<\/p>\n<ul class=\"ul1\">\n<li class=\"li4\">Cookies t\u00e9cnicas y\/o de personalizaci\u00f3n. Son aqu\u00e9llas que sirven para mejorar el servicio, localizar incidencias, reconocer al usuario, etc.<\/li>\n<li class=\"li4\">Cookies de an\u00e1lisis y\/o de publicidad. Son aqu\u00e9llas que sirven para analizar informaci\u00f3n sobre la navegaci\u00f3n y ofrecer publicidad, sea gen\u00e9rica o personalizada.<\/li>\n<\/ul>\n<h2 class=\"p3\">\u00bfQu\u00e9 tipos de cookies son m\u00e1s habituales?<\/h2>\n<p class=\"p4\">T\u00c9CNICAS: Son cookies PROPIAS, de sesi\u00f3n, de identificaci\u00f3n, de configuraci\u00f3n y de registro, estrictamente necesarias para la identificaci\u00f3n del usuario y para la prestaci\u00f3n de los servicios solicitados por el usuario. La informaci\u00f3n obtenida a trav\u00e9s de las mismas es tratada \u00fanicamente por BRAIN UPDATERS<\/p>\n<p class=\"p4\">DE AN\u00c1LISIS: Son aqu\u00e9llas que, bien tratadas por nosotros o por terceros, nos permiten cuantificar el n\u00famero de usuarios y as\u00ed realizar la medici\u00f3n y an\u00e1lisis estad\u00edstico de la utilizaci\u00f3n que hacen los usuarios del servicio ofertado. Para ello se analiza su navegaci\u00f3n en nuestra p\u00e1gina web con el fin de mejorar la oferta de productos o servicios que le ofrecemos.<\/p>\n<p class=\"p4\">DE PUBLICIDAD: Son aqu\u00e9llas que, bien tratadas por nosotros o por terceros, permiten la gesti\u00f3n, de la forma m\u00e1s eficaz posible, de los espacios publicitarios que se pudieran incluir en nuestra p\u00e1gina web y\/o almacenan informaci\u00f3n del comportamiento de los usuarios obtenida a trav\u00e9s de la observaci\u00f3n continuada. Gracias a ellas, podemos conocer los h\u00e1bitos de navegaci\u00f3n en internet y mostrarle publicidad relacionada con su perfil de navegaci\u00f3n.<\/p>\n<h2 class=\"p6\">\u00bfPara qu\u00e9 sirve una cookie?<\/h2>\n<p class=\"p4\">Las cookies se utilizan para poder ofrecerle servicios y\/o publicidad personalizados, para analizar el funcionamiento del sistema, reconocerle cuando accede como usuario, localizar incidencias y problemas que puedan surgir y solventarlos en el menor plazo posible, as\u00ed como analizar y medir el uso y actividad de la p\u00e1gina web.<\/p>\n<h2 class=\"p6\">\u00bfSe necesita mi consentimiento para implantar una cookie?<\/h2>\n<p class=\"p4\">No se precisa el consentimiento para la instalaci\u00f3n de cookies t\u00e9cnicas o las que sean estrictamente necesarias para la prestaci\u00f3n de un servicio de la sociedad de la informaci\u00f3n expresamente solicitado por el destinatario.<\/p>\n<p class=\"p9\">Para el resto, s\u00ed se precisa del consentimiento del interesado que se puede solicitar por distintas v\u00edas. En el caso de BRAIN UPDATERS, se entender\u00e1 otorgado si Vd. acepta las cookies opcionales y no necesarias para el funcionamiento de la web y podr\u00e1 revocar el consentimiento y desactivar las cookies entrando en el apartado \u201cc\u00f3mo desactivar las cookies\u201d que se encuentra al final de este documento.<\/p>\n<h2 class=\"p10\">\u00bfQu\u00e9 tipos de cookies utiliza esta p\u00e1gina web?<\/h2>\n<p class=\"p11\">Cookies t\u00e9cnicas: Son aquellas creadas y gestionadas \u00fanicamente por nosotros, y permiten al usuario la navegaci\u00f3n a trav\u00e9s de nuestra p\u00e1gina web y la utilizaci\u00f3n de las diferentes opciones como, por ejemplo, identificar la sesi\u00f3n, personalizar informaci\u00f3n o acceder a zonas de acceso restringido.<\/p>\n<p class=\"p11\">El lugar web de BRAIN UPDATERS, utiliza Google Analytics, una herramienta de anal\u00edtica web desarrollada por Google, que ayuda a los propietarios de sitios web a medir c\u00f3mo interact\u00faan los usuarios con el contenido del sitio.<span class=\"Apple-converted-space\">\u00a0 <\/span>Para la prestaci\u00f3n de estos servicios, Google Analytics utilizan cookies que recopilan la informaci\u00f3n, incluida la direcci\u00f3n IP del usuario que ser\u00e1 trasmitida, tratada y almacenada por Google en los t\u00e9rminos fijados en la web Google.com.<\/p>\n<p class=\"p11\">Esta web puede contener enlaces a sitios web de terceros con pol\u00edticas de privacidad ajenas a nuestra web\u00a0que usted podr\u00e1 decidir si acepta o no cuando acceda a ellos.<\/p>\n<p class=\"p13\">El dominio web <span class=\"s2\">https:\/\/drlm.io\/<\/span><span class=\"s3\"><span class=\"Apple-converted-space\">\u00a0<\/span><\/span> utiliza los siguientes tipos de cookies:<\/p>\n<table class=\"t1\" cellspacing=\"0\" cellpadding=\"0\">\n<tbody>\n<tr>\n<td class=\"td1\" valign=\"top\">\n<p class=\"p1\"><b>Propiedad<\/b><\/p>\n<\/td>\n<td class=\"td2\" valign=\"top\">\n<p class=\"p2\"><b>Nombre cookie<\/b><\/p>\n<\/td>\n<td class=\"td3\" valign=\"top\">\n<p class=\"p2\"><b>Finalidad<\/b><\/p>\n<\/td>\n<td class=\"td4\" valign=\"top\">\n<p class=\"p2\"><b>Expira<\/b><\/p>\n<\/td>\n<\/tr>\n<tr>\n<td class=\"td5\" valign=\"top\">\n<p class=\"p3\"><span class=\"s1\">https:\/\/drlm.io\/<\/span>\u00a0<span class=\"s2\"><span class=\"Apple-converted-space\">\u00a0<\/span><\/span><\/p>\n<\/td>\n<td class=\"td6\" valign=\"top\">\n<p class=\"p4\">__Secure-ENID<\/p>\n<\/td>\n<td class=\"td7\" valign=\"top\">\n<p class=\"p6\">Google permite personalizar como se ven los anuncios fuera de google o almacenar informaci\u00f3n como el idioma preferido a la hora de mostrar resultados de b\u00fasqueda.<\/p>\n<\/td>\n<td class=\"td8\" valign=\"top\">\n<p class=\"p7\">2 a\u00f1os<\/p>\n<\/td>\n<\/tr>\n<tr>\n<td class=\"td9\" valign=\"top\">\n<p class=\"p3\"><span class=\"s1\">https:\/\/drlm.io\/<\/span>\u00a0<span class=\"s2\"><span class=\"Apple-converted-space\">\u00a0<\/span><\/span><\/p>\n<\/td>\n<td class=\"td10\" valign=\"top\">\n<p class=\"p4\">_ga<\/p>\n<\/td>\n<td class=\"td11\" valign=\"top\">\n<p class=\"p6\">Habilita la funci\u00f3n de control de visitas \u00fanicas. La primera vez que un usuario entra en un sitio web a trav\u00e9s de un navegador se instalar\u00e1 esta cookie. Cuando este usuario vuelva a entrar en la web con el mismo navegador, la cookie considerar\u00e1 que es el mismo usuario. S\u00f3lo en el caso que el usuario cambie de navegador, se considerar\u00e1 que es otro usuario.<\/p>\n<\/td>\n<td class=\"td12\" valign=\"top\">\n<p class=\"p7\">2 a\u00f1os<\/p>\n<\/td>\n<\/tr>\n<tr>\n<td class=\"td13\" valign=\"top\">\n<p class=\"p3\"><span class=\"s1\">https:\/\/drlm.io\/<\/span>\u00a0<span class=\"s2\"><span class=\"Apple-converted-space\">\u00a0<\/span><\/span><\/p>\n<\/td>\n<td class=\"td14\" valign=\"top\">\n<p class=\"p4\">AEC<\/p>\n<\/td>\n<td class=\"td15\" valign=\"top\">\n<p class=\"p6\">Cookie necesaria para la utilizaci\u00f3n de las opciones y servicios del sitio web.<\/p>\n<\/td>\n<td class=\"td16\" valign=\"top\">\n<p class=\"p7\">1 a\u00f1o<\/p>\n<\/td>\n<\/tr>\n<tr>\n<td class=\"td17\" valign=\"top\">\n<p class=\"p3\"><span class=\"s1\">https:\/\/drlm.io\/<\/span>\u00a0<span class=\"s2\"><span class=\"Apple-converted-space\">\u00a0<\/span><\/span><\/p>\n<\/td>\n<td class=\"td18\" valign=\"top\">\n<p class=\"p4\">cookieyes-consent<\/p>\n<\/td>\n<td class=\"td19\" valign=\"top\">\n<p class=\"p6\">CookieYes establece esta cookie para recordar las preferencias de consentimiento de los usuarios, de modo que sus preferencias sean respetadas en visitas posteriores a este sitio<\/p>\n<\/td>\n<td class=\"td20\" valign=\"top\">\n<p class=\"p7\">2 a\u00f1os<\/p>\n<\/td>\n<\/tr>\n<tr>\n<td class=\"td13\" valign=\"top\">\n<p class=\"p3\"><span class=\"s1\">https:\/\/drlm.io\/<\/span>\u00a0<span class=\"s2\"><span class=\"Apple-converted-space\">\u00a0<\/span><\/span><\/p>\n<\/td>\n<td class=\"td14\" valign=\"top\">\n<p class=\"p4\">SOCS<\/p>\n<\/td>\n<td class=\"td15\" valign=\"top\">\n<p class=\"p6\">Se usa para almacenar el estado de un usuario en relaci\u00f3n con sus elecciones de cookies.<\/p>\n<\/td>\n<td class=\"td16\" valign=\"top\">\n<p class=\"p7\">13 meses<\/p>\n<\/td>\n<\/tr>\n<tr>\n<td class=\"td13\" valign=\"top\">\n<p class=\"p3\"><span class=\"s1\">https:\/\/drlm.io\/<\/span>\u00a0<span class=\"s2\"><span class=\"Apple-converted-space\">\u00a0<\/span><\/span><\/p>\n<\/td>\n<td class=\"td14\" valign=\"top\">\n<p class=\"p4\">wp-wpml_current_language<\/p>\n<\/td>\n<td class=\"td15\" valign=\"top\">\n<p class=\"p6\">Almacena el idioma actual. Esta cookie est\u00e1 configurada s\u00f3lo para usuarios registrados.<\/p>\n<\/td>\n<td class=\"td16\" valign=\"top\">\n<p class=\"p7\">1 d\u00eda<\/p>\n<\/td>\n<\/tr>\n<\/tbody>\n<\/table>\n<h2 class=\"p1\">\u00bfC\u00f3mo desactivar cookies?<\/h2>\n<p class=\"p2\">Puede permitir, bloquear o eliminar las cookies instaladas en su equipo mediante la configuraci\u00f3n de las opciones del navegador instalado en su ordenador.<\/p>\n<ul class=\"ul1\">\n<li class=\"li4\"><span class=\"s2\">Firefox : <a href=\"https:\/\/support.mozilla.org\/es\/kb\/habilitar-y-deshabilitar-cookies-sitios-web-rastrear-preferencias?redirectlocale=es&amp;redirectslug=habilitar-y-deshabilitar-cookies-que-los-sitios-we\"><span class=\"s3\">https:\/\/support.mozilla.org\/es\/kb\/habilitar-y-deshabilitar-cookies-sitios-web-rastrear-preferencias?redirectlocale=es&amp;redirectslug=habilitar-y-deshabilitar-cookies-que-los-sitios-we<\/span><\/a><\/span><\/li>\n<li class=\"li4\"><span class=\"s2\">Chrome: <a href=\"https:\/\/support.google.com\/chrome\/answer\/95647?hl=es\"><span class=\"s3\">https:\/\/support.google.com\/chrome\/answer\/95647?hl=es<\/span><\/a><\/span><\/li>\n<\/ul>\n<ul class=\"ul1\">\n<li class=\"li4\"><span class=\"s4\">Internet Explorer: <a href=\"https:\/\/support.microsoft.com\/es-es\/products\/windows?os=windows-10\"><span class=\"s3\">https:\/\/support.microsoft.com\/es-es\/products\/windows?os=windows-10<\/span><\/a><\/span><\/li>\n<\/ul>\n<ul class=\"ul1\">\n<li class=\"li4\"><span class=\"s4\">Safari: <a href=\"https:\/\/support.apple.com\/kb\/ph5042?locale=es_ES\"><span class=\"s3\">https:\/\/support.apple.com\/kb\/ph5042?locale=es_ES<\/span><\/a><\/span><\/li>\n<\/ul>\n<ul class=\"ul1\">\n<li class=\"li4\"><span class=\"s4\">Safari para iOS: <a href=\"https:\/\/support.apple.com\/es-es\/HT201265\"><span class=\"s3\">https:\/\/support.apple.com\/es-es\/HT201265<\/span><\/a><\/span><\/li>\n<\/ul>\n<ul class=\"ul1\">\n<li class=\"li4\"><span class=\"s4\">Opera: <a href=\"http:\/\/help.opera.com\/Windows\/11.50\/es-ES\/cookies.html\"><span class=\"s3\">http:\/\/help.opera.com\/Windows\/11.50\/es-ES\/cookies.html<\/span><\/a><\/span><\/li>\n<\/ul>\n<h2 class=\"p9\">Ejercicio de derechos<\/h2>\n<p class=\"p10\">Puede conocer y ejercer sus derechos en materia de protecci\u00f3n de datos accediendo a nuestra pol\u00edtica de privacidad <span class=\"s6\">https:\/\/drlm.io\/store\/politica-de-privacidad\/<span class=\"Apple-converted-space\">\u00a0<\/span><\/span><\/p>\n<h2 class=\"p9\">Informaci\u00f3n adicional<\/h2>\n<p class=\"p10\">Pueden consultar m\u00e1s informaci\u00f3n en la gu\u00eda sobre el uso de las cookies editada por la AEPD en el siguiente enlace: <a href=\"https:\/\/www.aepd.es\/es\/documento\/guia-cookies.pdf\"><span class=\"s3\">https:\/\/www.aepd.es\/es\/documento\/guia-cookies.pdf<\/span><\/a><\/p>\n<p>[\/et_pb_text][\/et_pb_column][\/et_pb_row][\/et_pb_section]<\/p>\n","protected":false},"excerpt":{"rendered":"<p>Actualizada: ene. -25\u00a0 El sitio web https:\/\/drlm.io\/es responsabilidad de BRAIN UPDATERS, S.L. (en adelante BRAIN UPDATERS), con domicilio social en C\/Major, 120, 2on 2\u00aa &#8211; 17190 &#8211; Salt (Girona) con CIF: B55216519 y direcci\u00f3n de correo electr\u00f3nico lopd@brainupdaters.net.\u00a0 Consecuentemente, la utilizaci\u00f3n de cookies se le aplica la presente \u00abPol\u00edtica de Uso de Cookies\u00bb que ha [&hellip;]<\/p>\n","protected":false},"author":1,"featured_media":0,"parent":0,"menu_order":0,"comment_status":"closed","ping_status":"closed","template":"","meta":{"_et_pb_use_builder":"on","_et_pb_old_content":"","_et_gb_content_width":"","footnotes":""},"class_list":["post-237762","page","type-page","status-publish","hentry"],"aioseo_notices":[],"_links":{"self":[{"href":"https:\/\/drlm.io\/es\/wp-json\/wp\/v2\/pages\/237762","targetHints":{"allow":["GET"]}}],"collection":[{"href":"https:\/\/drlm.io\/es\/wp-json\/wp\/v2\/pages"}],"about":[{"href":"https:\/\/drlm.io\/es\/wp-json\/wp\/v2\/types\/page"}],"author":[{"embeddable":true,"href":"https:\/\/drlm.io\/es\/wp-json\/wp\/v2\/users\/1"}],"replies":[{"embeddable":true,"href":"https:\/\/drlm.io\/es\/wp-json\/wp\/v2\/comments?post=237762"}],"version-history":[{"count":4,"href":"https:\/\/drlm.io\/es\/wp-json\/wp\/v2\/pages\/237762\/revisions"}],"predecessor-version":[{"id":238009,"href":"https:\/\/drlm.io\/es\/wp-json\/wp\/v2\/pages\/237762\/revisions\/238009"}],"wp:attachment":[{"href":"https:\/\/drlm.io\/es\/wp-json\/wp\/v2\/media?parent=237762"}],"curies":[{"name":"wp","href":"https:\/\/api.w.org\/{rel}","templated":true}]}}